{"id":9773,"date":"2025-11-18T16:29:51","date_gmt":"2025-11-18T13:29:51","guid":{"rendered":"https:\/\/besteinsaat.com.tr\/?page_id=9773"},"modified":"2025-11-25T11:46:27","modified_gmt":"2025-11-25T08:46:27","slug":"beste-beton","status":"publish","type":"page","link":"https:\/\/besteinsaat.com.tr\/index.php\/beste-beton\/","title":{"rendered":"Beste Beton"},"content":{"rendered":"\t\t<div data-elementor-type=\"wp-page\" data-elementor-id=\"9773\" class=\"elementor elementor-9773\">\n\t\t\t\t<div class=\"elementor-element elementor-element-5d04fb63 e-flex e-con-boxed e-con e-parent\" data-id=\"5d04fb63\" data-element_type=\"container\">\n\t\t\t\t\t<div class=\"e-con-inner\">\n\t\t\t\t<div class=\"elementor-element elementor-element-50e4c584 elementor-widget elementor-widget-text-editor\" data-id=\"50e4c584\" data-element_type=\"widget\" data-widget_type=\"text-editor.default\">\n\t\t\t\t<div class=\"elementor-widget-container\">\n\t\t\t<style>\/*! elementor - v3.23.0 - 05-08-2024 *\/\n.elementor-widget-text-editor.elementor-drop-cap-view-stacked .elementor-drop-cap{background-color:#69727d;color:#fff}.elementor-widget-text-editor.elementor-drop-cap-view-framed .elementor-drop-cap{color:#69727d;border:3px solid;background-color:transparent}.elementor-widget-text-editor:not(.elementor-drop-cap-view-default) .elementor-drop-cap{margin-top:8px}.elementor-widget-text-editor:not(.elementor-drop-cap-view-default) .elementor-drop-cap-letter{width:1em;height:1em}.elementor-widget-text-editor .elementor-drop-cap{float:left;text-align:center;line-height:1;font-size:50px}.elementor-widget-text-editor .elementor-drop-cap-letter{display:inline-block}<\/style>\t\t\t\t<!-- wp:paragraph -->\n<p>\u00d6ncelikle\u00a0<strong>BESTE BETON<\/strong> \u00a0olarak i\u015f hayat\u0131nda i\u015f ahlaki ve kurum k\u00fclt\u00fcr\u00fc normlar\u0131nda k\u0131ymet yaratarak ilelebet ya\u015fayacak bir i\u015fletme olmas\u0131n\u0131 ama\u00e7layan ilkelere ba\u011fl\u0131 kalmak, Yurti\u00e7i m\u00fc\u015fterilerimizle, \u00e7al\u0131\u015fanlar\u0131m\u0131zla ve tedarik\u00e7ilerimizle hedef ortakl\u0131\u011f\u0131m\u0131z\u0131 devam ettirmek, faaliyet alanlar\u0131m\u0131zda s\u00fcrekli b\u00fcy\u00fcyerek sekt\u00f6r\u00fcm\u00fczde lider firma konumumuzu kal\u0131c\u0131 bir hale getirmek hedefinde oldu\u011fumuzu belirtmek isteriz.<\/p>\n<!-- \/wp:paragraph --><!-- wp:list -->\n<ul class=\"wp-block-list\"><!-- wp:list-item -->\n<li>M\u00fc\u015fteri Memnuniyeti<\/li>\n<!-- \/wp:list-item --><!-- wp:list-item -->\n<li>G\u00fcvenilir Hizmet<\/li>\n<!-- \/wp:list-item --><!-- wp:list-item -->\n<li>Sekt\u00f6r\u00fcn Lideri<\/li>\n<!-- \/wp:list-item --><!-- wp:list-item -->\n<li>G\u00fc\u00e7l\u00fc Kadro<\/li>\n<!-- \/wp:list-item --><!-- wp:list-item -->\n<li>\u00d6nc\u00fc Hizmet<\/li>\n<!-- \/wp:list-item --><\/ul>\n<!-- \/wp:list --><!-- wp:paragraph -->\n<p>\u00a0<\/p>\n<!-- \/wp:paragraph -->\t\t\t\t\t\t<\/div>\n\t\t\t\t<\/div>\n\t\t\t\t\t<\/div>\n\t\t\t\t<\/div>\n\t\t<div class=\"elementor-element elementor-element-f392e4a e-grid e-con-boxed e-con e-parent\" data-id=\"f392e4a\" data-element_type=\"container\">\n\t\t\t\t\t<div class=\"e-con-inner\">\n\t\t\t\t<div class=\"elementor-element elementor-element-26eaf6e elementor-widget elementor-widget-image\" data-id=\"26eaf6e\" data-element_type=\"widget\" data-widget_type=\"image.default\">\n\t\t\t\t<div class=\"elementor-widget-container\">\n\t\t\t<style>\/*! elementor - v3.23.0 - 05-08-2024 *\/\n.elementor-widget-image{text-align:center}.elementor-widget-image a{display:inline-block}.elementor-widget-image a img[src$=\".svg\"]{width:48px}.elementor-widget-image img{vertical-align:middle;display:inline-block}<\/style>\t\t\t\t\t\t\t\t\t\t<img fetchpriority=\"high\" decoding=\"async\" width=\"300\" height=\"225\" src=\"https:\/\/besteinsaat.com.tr\/wp-content\/uploads\/2025\/11\/sss-300x225.jpeg\" class=\"attachment-medium size-medium wp-image-16928\" alt=\"\" srcset=\"https:\/\/besteinsaat.com.tr\/wp-content\/uploads\/2025\/11\/sss-300x225.jpeg 300w, https:\/\/besteinsaat.com.tr\/wp-content\/uploads\/2025\/11\/sss-1024x768.jpeg 1024w, https:\/\/besteinsaat.com.tr\/wp-content\/uploads\/2025\/11\/sss-768x576.jpeg 768w, https:\/\/besteinsaat.com.tr\/wp-content\/uploads\/2025\/11\/sss-1536x1152.jpeg 1536w, https:\/\/besteinsaat.com.tr\/wp-content\/uploads\/2025\/11\/sss.jpeg 2048w\" sizes=\"(max-width: 300px) 100vw, 300px\" \/>\t\t\t\t\t\t\t\t\t\t\t\t\t<\/div>\n\t\t\t\t<\/div>\n\t\t\t\t<div class=\"elementor-element elementor-element-1a1c2a6 elementor-widget elementor-widget-image\" data-id=\"1a1c2a6\" data-element_type=\"widget\" data-widget_type=\"image.default\">\n\t\t\t\t<div class=\"elementor-widget-container\">\n\t\t\t\t\t\t\t\t\t\t\t\t\t<img decoding=\"async\" width=\"1024\" height=\"768\" src=\"https:\/\/besteinsaat.com.tr\/wp-content\/uploads\/2025\/11\/WhatsApp-Image-2025-11-24-at-11.56.51-1024x768.jpeg\" class=\"attachment-large size-large wp-image-16930\" alt=\"\" srcset=\"https:\/\/besteinsaat.com.tr\/wp-content\/uploads\/2025\/11\/WhatsApp-Image-2025-11-24-at-11.56.51-1024x768.jpeg 1024w, https:\/\/besteinsaat.com.tr\/wp-content\/uploads\/2025\/11\/WhatsApp-Image-2025-11-24-at-11.56.51-300x225.jpeg 300w, https:\/\/besteinsaat.com.tr\/wp-content\/uploads\/2025\/11\/WhatsApp-Image-2025-11-24-at-11.56.51-768x576.jpeg 768w, https:\/\/besteinsaat.com.tr\/wp-content\/uploads\/2025\/11\/WhatsApp-Image-2025-11-24-at-11.56.51-1536x1152.jpeg 1536w, https:\/\/besteinsaat.com.tr\/wp-content\/uploads\/2025\/11\/WhatsApp-Image-2025-11-24-at-11.56.51.jpeg 1600w\" sizes=\"(max-width: 1024px) 100vw, 1024px\" \/>\t\t\t\t\t\t\t\t\t\t\t\t\t<\/div>\n\t\t\t\t<\/div>\n\t\t\t\t<div class=\"elementor-element elementor-element-f829d33 elementor-widget elementor-widget-image\" data-id=\"f829d33\" data-element_type=\"widget\" data-widget_type=\"image.default\">\n\t\t\t\t<div class=\"elementor-widget-container\">\n\t\t\t\t\t\t\t\t\t\t\t\t\t<img decoding=\"async\" width=\"225\" height=\"300\" src=\"https:\/\/besteinsaat.com.tr\/wp-content\/uploads\/2025\/11\/WhatsApp-Image-2025-11-19-at-12.38.04-225x300.jpeg\" class=\"attachment-medium size-medium wp-image-16929\" alt=\"\" srcset=\"https:\/\/besteinsaat.com.tr\/wp-content\/uploads\/2025\/11\/WhatsApp-Image-2025-11-19-at-12.38.04-225x300.jpeg 225w, https:\/\/besteinsaat.com.tr\/wp-content\/uploads\/2025\/11\/WhatsApp-Image-2025-11-19-at-12.38.04-768x1024.jpeg 768w, https:\/\/besteinsaat.com.tr\/wp-content\/uploads\/2025\/11\/WhatsApp-Image-2025-11-19-at-12.38.04-1152x1536.jpeg 1152w, https:\/\/besteinsaat.com.tr\/wp-content\/uploads\/2025\/11\/WhatsApp-Image-2025-11-19-at-12.38.04.jpeg 1536w\" sizes=\"(max-width: 225px) 100vw, 225px\" \/>\t\t\t\t\t\t\t\t\t\t\t\t\t<\/div>\n\t\t\t\t<\/div>\n\t\t\t\t\t<\/div>\n\t\t\t\t<\/div>\n\t\t<div class=\"elementor-element elementor-element-adea353 e-flex e-con-boxed e-con e-parent\" data-id=\"adea353\" data-element_type=\"container\">\n\t\t\t\t\t<div class=\"e-con-inner\">\n\t\t\t\t<div class=\"elementor-element elementor-element-ca6583c elementor-widget elementor-widget-image\" data-id=\"ca6583c\" data-element_type=\"widget\" data-widget_type=\"image.default\">\n\t\t\t\t<div class=\"elementor-widget-container\">\n\t\t\t\t\t\t\t\t\t\t\t\t\t<img loading=\"lazy\" decoding=\"async\" width=\"840\" height=\"610\" src=\"https:\/\/besteinsaat.com.tr\/wp-content\/uploads\/2025\/11\/BETON.png\" class=\"attachment-large size-large wp-image-9777\" alt=\"\" srcset=\"https:\/\/besteinsaat.com.tr\/wp-content\/uploads\/2025\/11\/BETON.png 840w, https:\/\/besteinsaat.com.tr\/wp-content\/uploads\/2025\/11\/BETON-300x218.png 300w, https:\/\/besteinsaat.com.tr\/wp-content\/uploads\/2025\/11\/BETON-768x558.png 768w, https:\/\/besteinsaat.com.tr\/wp-content\/uploads\/2025\/11\/BETON-130x95.png 130w\" sizes=\"(max-width: 840px) 100vw, 840px\" \/>\t\t\t\t\t\t\t\t\t\t\t\t\t<\/div>\n\t\t\t\t<\/div>\n\t\t\t\t\t<\/div>\n\t\t\t\t<\/div>\n\t\t<div class=\"elementor-element elementor-element-c70525c e-flex e-con-boxed e-con e-parent\" data-id=\"c70525c\" data-element_type=\"container\">\n\t\t\t\t\t<div class=\"e-con-inner\">\n\t\t\t\t<div class=\"elementor-element elementor-element-44a125b elementor-widget elementor-widget-google_maps\" data-id=\"44a125b\" data-element_type=\"widget\" data-widget_type=\"google_maps.default\">\n\t\t\t\t<div class=\"elementor-widget-container\">\n\t\t\t<style>\/*! elementor - v3.23.0 - 05-08-2024 *\/\n.elementor-widget-google_maps .elementor-widget-container{overflow:hidden}.elementor-widget-google_maps .elementor-custom-embed{line-height:0}.elementor-widget-google_maps iframe{height:300px}<\/style>\t\t<div class=\"elementor-custom-embed\">\n\t\t\t<iframe loading=\"lazy\"\n\t\t\t\t\tsrc=\"https:\/\/maps.google.com\/maps?q=%C5%9F%C4%B1rnak%20toptepe&#038;t=m&#038;z=11&#038;output=embed&#038;iwloc=near\"\n\t\t\t\t\ttitle=\"\u015f\u0131rnak toptepe\"\n\t\t\t\t\taria-label=\"\u015f\u0131rnak toptepe\"\n\t\t\t><\/iframe>\n\t\t<\/div>\n\t\t\t\t<\/div>\n\t\t\t\t<\/div>\n\t\t\t\t\t<\/div>\n\t\t\t\t<\/div>\n\t\t\t\t<\/div>\n\t\t","protected":false},"excerpt":{"rendered":"<p>\u00d6ncelikle\u00a0BESTE BETON \u00a0olarak i\u015f hayat\u0131nda i\u015f ahlaki ve kurum k\u00fclt\u00fcr\u00fc normlar\u0131nda k\u0131ymet yaratarak ilelebet ya\u015fayacak bir i\u015fletme olmas\u0131n\u0131 ama\u00e7layan ilkelere ba\u011fl\u0131 kalmak, Yurti\u00e7i m\u00fc\u015fterilerimizle, \u00e7al\u0131\u015fanlar\u0131m\u0131zla ve tedarik\u00e7ilerimizle hedef ortakl\u0131\u011f\u0131m\u0131z\u0131 devam ettirmek, faaliyet alanlar\u0131m\u0131zda s\u00fcrekli b\u00fcy\u00fcyerek sekt\u00f6r\u00fcm\u00fczde lider firma konumumuzu kal\u0131c\u0131 bir hale getirmek hedefinde oldu\u011fumuzu belirtmek isteriz. \u00a0<\/p>\n","protected":false},"author":1,"featured_media":0,"parent":0,"menu_order":0,"comment_status":"closed","ping_status":"closed","template":"","meta":{"footnotes":""},"class_list":["post-9773","page","type-page","status-publish","hentry"],"blog_post_layout_featured_media_urls":{"thumbnail":"","full":""},"categories_names":null,"comments_number":"0","wpmagazine_modules_lite_featured_media_urls":{"thumbnail":"","cvmm-medium":"","cvmm-medium-plus":"","cvmm-portrait":"","cvmm-medium-square":"","cvmm-large":"","cvmm-small":"","full":""},"_links":{"self":[{"href":"https:\/\/besteinsaat.com.tr\/index.php\/wp-json\/wp\/v2\/pages\/9773","targetHints":{"allow":["GET"]}}],"collection":[{"href":"https:\/\/besteinsaat.com.tr\/index.php\/wp-json\/wp\/v2\/pages"}],"about":[{"href":"https:\/\/besteinsaat.com.tr\/index.php\/wp-json\/wp\/v2\/types\/page"}],"author":[{"embeddable":true,"href":"https:\/\/besteinsaat.com.tr\/index.php\/wp-json\/wp\/v2\/users\/1"}],"replies":[{"embeddable":true,"href":"https:\/\/besteinsaat.com.tr\/index.php\/wp-json\/wp\/v2\/comments?post=9773"}],"version-history":[{"count":11,"href":"https:\/\/besteinsaat.com.tr\/index.php\/wp-json\/wp\/v2\/pages\/9773\/revisions"}],"predecessor-version":[{"id":16934,"href":"https:\/\/besteinsaat.com.tr\/index.php\/wp-json\/wp\/v2\/pages\/9773\/revisions\/16934"}],"wp:attachment":[{"href":"https:\/\/besteinsaat.com.tr\/index.php\/wp-json\/wp\/v2\/media?parent=9773"}],"curies":[{"name":"wp","href":"https:\/\/api.w.org\/{rel}","templated":true}]}}